{"id":2122,"date":"2018-08-01T16:29:50","date_gmt":"2018-08-01T14:29:50","guid":{"rendered":"https:\/\/www.brettl.at\/blog\/?page_id=2122"},"modified":"2024-06-12T11:50:53","modified_gmt":"2024-06-12T09:50:53","slug":"datenschutz","status":"publish","type":"page","link":"https:\/\/www.brettl.at\/blog\/datenschutz\/","title":{"rendered":"Datenschutz"},"content":{"rendered":"<div class=\"fusion-fullwidth fullwidth-box fusion-builder-row-1 nonhundred-percent-fullwidth non-hundred-percent-height-scrolling\" style=\"--awb-background-position:left top;--awb-border-radius-top-left:0px;--awb-border-radius-top-right:0px;--awb-border-radius-bottom-right:0px;--awb-border-radius-bottom-left:0px;--awb-padding-top:20px;--awb-padding-right:0px;--awb-padding-bottom:20px;--awb-padding-left:0px;--awb-border-sizes-top:0px;--awb-border-sizes-bottom:0px;--awb-flex-wrap:wrap;\" ><div class=\"fusion-builder-row fusion-row\"><div class=\"fusion-layout-column fusion_builder_column fusion-builder-column-0 fusion_builder_column_1_1 1_1 fusion-one-full fusion-column-first fusion-column-last fusion-column-no-min-height\" style=\"--awb-bg-size:cover;--awb-margin-bottom:0px;\"><div class=\"fusion-column-wrapper fusion-flex-column-wrapper-legacy\"><div class=\"fusion-text fusion-text-1\"><h2>Datenschutzerkl\u00e4rung<\/h2>\n<p>Diese Datenschutzerkl\u00e4rung kl\u00e4rt Sie \u00fcber die Art, den Umfang und Zweck der Verarbeitung von personenbezogenen Daten (nachfolgend kurz \u201eDaten\u201c) innerhalb unseres Onlineangebotes und der mit ihm verbundenen Webseiten, Funktionen und Inhalte auf. Im Hinblick auf die verwendeten Begrifflichkeiten, wie z.B. \u201eVerarbeitung\u201c oder \u201eVerantwortlicher\u201c verweisen wir auf die Definitionen im Art. 4 der Datenschutzgrundverordnung (DSGVO).<\/p>\n<p>Verantwortlicher: Dr. Herbert Brettl<br \/>\nBaron Waldbottsiedlung 4<br \/>\nA-7131 Halbturn<br \/>\n\u00d6sterreich<br \/>\n+43 699 10 34 32 26<br \/>\n<a href=\"mailto:herbert@brettl.at\">herbert@brettl.at<\/a><\/p>\n<p>Link zum Impressum: <a href=\"https:\/\/www.brettl.at\/blog\/impressum\/\">https:\/\/www.brettl.at\/blog\/impressum\/<\/a><\/p>\n<p>Stand der Datenschutzerkl\u00e4rung: Juni 2024<\/p>\n<h3>Datenspeicherung und -verarbeitung<\/h3>\n<p>Wenn Sie per Formular auf der Website oder per E-Mail Kontakt mit uns aufnehmen, werden Ihre angegebenen Daten zwecks Bearbeitung der Anfrage und f\u00fcr den Fall von Anschlussfragen sechs Monate bei uns gespeichert. Diese Daten geben wir nicht ohne Ihre Einwilligung weiter.<\/p>\n<p>Zum Zweck der Abwicklung Ihrer Anfrage werden, sofern erforderlich, folgende Daten bei uns gespeichert: Vorname, Nachname und E-Mail-Adresse. Die von Ihnen bereit gestellten Daten sind zur Verarbeitung Ihrer Anfrage erforderlich.<\/p>\n<p>Im Falle eines Vertragsabschlusses werden s\u00e4mtliche Daten aus dem Vertragsverh\u00e4ltnis bis zum Ablauf der steuerrechtlichen Aufbewahrungsfrist (7 Jahre) gespeichert. Die Datenverarbeitung erfolgt auf Basis der gesetzlichen Bestimmungen des \u00a7 96 Abs 3 TKG sowie des Art 6 Abs 1 lit a (Einwilligung) und\/oder lit b (notwendig zur Vertragserf\u00fcllung) der DSGVO.<\/p>\n<h3>Kommentare<\/h3>\n<p>Wenn Besucher Kommentare auf der Website schreiben, sammeln wir die Daten, die im Kommentar-Formular angezeigt werden, au\u00dferdem den User-Agent-String (damit wird der Browser identifiziert), um die Erkennung von Spam zu unterst\u00fctzen.<\/p>\n<h3>Cookies<\/h3>\n<p>Als \u201eCookies\u201c werden kleine Dateien bezeichnet, die auf Rechnern der Nutzer gespeichert werden. Innerhalb der Cookies k\u00f6nnen unterschiedliche Angaben gespeichert werden. Ein Cookie dient prim\u00e4r dazu, die Angaben zu einem Nutzer (bzw. dem Ger\u00e4t auf dem das Cookie gespeichert ist) w\u00e4hrend oder auch nach seinem Besuch innerhalb eines Onlineangebotes zu speichern. Als tempor\u00e4re Cookies, bzw. \u201eSession-Cookies\u201c oder \u201etransiente Cookies\u201c, werden Cookies bezeichnet, die gel\u00f6scht werden, nachdem ein Nutzer ein Onlineangebot verl\u00e4sst und seinen Browser schlie\u00dft. In einem solchen Cookie kann z.B. der Inhalt eines Warenkorbs in einem Onlineshop oder ein Login-Status gespeichert werden. Als \u201epermanent\u201c oder \u201epersistent\u201c werden Cookies bezeichnet, die auch nach dem Schlie\u00dfen des Browsers gespeichert bleiben. So kann z.B. der Login-Status gespeichert werden, wenn die Nutzer diese nach mehreren Tagen aufsuchen. Ebenso k\u00f6nnen in einem solchen Cookie die Interessen der Nutzer gespeichert werden, die f\u00fcr Reichweitenmessung oder Marketingzwecke verwendet werden. Als \u201eThird-Party-Cookie\u201c werden Cookies von anderen Anbietern als dem Verantwortlichen, der das Onlineangebot betreibt, bezeichnet (andernfalls, wenn es nur dessen Cookies sind spricht man von \u201eFirst-Party Cookies\u201c).<\/p>\n<p>Wir setzen tempor\u00e4re und permanente Cookies ein und kl\u00e4ren hier\u00fcber im Rahmen unserer Datenschutzerkl\u00e4rung auf.<\/p>\n<p>Wir setzen den technisch erforderlichen Cookie &#8220;Cookie Cracker&#8221;, der die Einstellungen Ihrer Cookie-Auswahl speichert.<\/p>\n<p>Wenn Sie einen Kommentar schreiben und die Kommentar-Cookies bzw. die Option &#8220;Meinen Namen, E-Mail und Website in diesem Browser speichern, bis ich wieder kommentiere.&#8221; aktivieren, werden wir entsprechende Cookies auf Ihrem Rechner setzen, damit Sie bei einem neuerlichen Kommentar ihre Daten nicht noch einmal eingeben m\u00fcssen. Falls die Nutzer nicht m\u00f6chten, dass Cookies auf ihrem Rechner gespeichert werden, werden sie gebeten, den Einsatz von Cookies in unserem Cookie-Banner abzulehnen bzw. in den Systemeinstellungen ihres Browsers zu deaktivieren. Gespeicherte Cookies k\u00f6nnen in den Systemeinstellungen des Browsers gel\u00f6scht werden. Der Ausschluss von Cookies kann zu Funktionseinschr\u00e4nkungen dieses Onlineangebotes bei der Kommentarfunktion f\u00fchren.<\/p>\n<p>Ein genereller Widerspruch gegen den Einsatz der zu Zwecken des Onlinemarketing eingesetzten Cookies kann bei einer Vielzahl der Dienste, vor allem im Fall des Trackings, \u00fcber die US-amerikanische Seite http:\/\/www.aboutads.info\/choices\/ oder die EU-Seite http:\/\/www.youronlinechoices.com\/ erkl\u00e4rt werden. Des Weiteren kann die Speicherung von Cookies mittels deren Abschaltung in den Einstellungen des Browsers erreicht werden. Bitte beachten Sie, dass dann gegebenenfalls nicht alle Funktionen dieses Onlineangebotes genutzt werden k\u00f6nnen.<\/p>\n<p><strong>Weitere Infos \u00fcber eingesetze Cookies, Cookie-Einstellungen\/ -Widerspruchsm\u00f6glichkeit:\u00a0<\/strong><\/p>\n<p><div class=\"fusion-fa-align-left\"><i class=\"fb-icon-element-1 fb-icon-element fontawesome-icon fa-cookie-bite fas circle-no\" style=\"--awb-iconcolor:var(--awb-custom7);--awb-iconcolor-hover:var(--awb-custom7);--awb-font-size:16px;--awb-margin-right:8px;\"><\/i><\/div> <a href=\"#edit-cookies\" class=\"cc-edit-cookies\">Cookies bearbeiten<\/a><\/p>\n<h3>Eingebettete Inhalte von anderen Websites<\/h3>\n<p>Beitr\u00e4ge auf dieser Website k\u00f6nnen eingebettete Inhalte beinhalten (z.\u00a0B. Videos, Bilder, Beitr\u00e4ge etc.). Eingebettete Inhalte von anderen Websites verhalten sich exakt so, als ob der Besucher die andere Website besucht h\u00e4tte.<\/p>\n<p>Diese Websites k\u00f6nnen Daten \u00fcber Sie sammeln, Cookies benutzen, zus\u00e4tzliche Tracking-Dienste von Dritten einbetten und Ihre Interaktion mit diesem eingebetteten Inhalt aufzeichnen, inklusive Ihrer Interaktion mit dem eingebetteten Inhalt, falls Sie ein Konto haben und auf dieser Website angemeldet sind.<\/p>\n<h3>Datenweiterleitung an Dritte<\/h3>\n<p>Eine Daten\u00fcbermittlung an Dritte erfolgt nicht, mit Ausnahme an unseren Steuerberater zur Erf\u00fcllung unserer steuerrechtlichen Verpflichtungen.<\/p>\n<h3>Erhebung von Zugriffsdaten<\/h3>\n<p>Wir selbst bzw. unser Webhostinganbieter World4You Internet Services GmbH, Hafenstra\u00dfe 35, A-4020 Linz,\u00a0<a href=\"https:\/\/www.world4you.com\/\" target=\"_blank\" rel=\"noopener\">https:\/\/www.world4you.com<\/a>\u00a0erheben Daten zu jedem Zugriff auf den Server (sogenannte Serverlogfiles).\u00a0 Zu den Zugriffsdaten geh\u00f6ren Name der abgerufenen Webseite, Datei, Datum und Uhrzeit des Abrufs, \u00fcbertragene Datenmenge, Meldung \u00fcber erfolgreichen Abruf, Browsertyp nebst Version, das Betriebssystem des Nutzers, Referrer URL (die zuvor besuchte Seite), IP-Adresse und der anfragende Provider.<br \/>\nDer Anbieter verwendet die Protokolldaten ohne Zuordnung zur Person des Nutzers oder sonstiger Profilerstellung entsprechend den gesetzlichen Bestimmungen nur f\u00fcr statistische Auswertungen zum Zweck des Betriebs, der Sicherheit und der Optimierung des Onlineangebotes. Der Anbieter beh\u00e4lt sich jedoch vor, die Protokolldaten nachtr\u00e4glich zu \u00fcberpr\u00fcfen, wenn aufgrund konkreter Anhaltspunkte der berechtigte Verdacht einer rechtswidrigen Nutzung besteht.<\/p>\n<h3>Google Web Fonts<\/h3>\n<p>Wir binden die Schriftarten (\u201eGoogle Fonts\u201c) des Anbieters Google zur einheitlichen Darstellung von Schriftarten lokal \u00fcber unseren Webserver ein. Es werden keine Daten, insbesondere Ihre IP-Adresse, weitergegeben.<br \/>\nDienstanbieter: Google Ireland Limited, Gordon House, Barrow Street, Dublin 4, Irland,<br \/>\nMutterunternehmen: Google LLC, 1600 Amphitheatre Parkway, Mountain View, CA 94043, USA;<br \/>\nWebsite: https:\/\/fonts.google.com\/; Datenschutzerkl\u00e4rung: https:\/\/policies.google.com\/privacy.<\/p>\n<h3>Wordfence<\/h3>\n<p>Wir verwenden das WordPress Security Plugin Wordfence, um die Website vor Hackerangriffen u.\u00e4. zu sch\u00fctzen.<br \/>\nDienstanbieter: DEFIANT, 800 5th Ave Ste 4100, Seattle, WA 98104, USA.<br \/>\nDie bereitgestellte DSGVO-konforme Datenverarbeitungsvereinbarung wurde abgeschlossen. Mehr Informationen zum Umgang mit Nutzerdaten finden Sie in der Datenschutzerkl\u00e4rung von DEFIANT:\u00a0https:\/\/www.wordfence.com\/privacy-policy\/<\/p>\n<h3>Datensicherheit<\/h3>\n<p>Dr. Herbert Brettl setzt als Betreiber der Website https:\/\/www.brettl.at technische und organisatorische Sicherheitsma\u00dfnahmen ein, um die gespeicherten personenbezogenen Daten gegen zuf\u00e4llige oder vors\u00e4tzliche Manipulation, Verlust oder Zerst\u00f6rung und gegen den Zugriff unberechtigter Personen zu sch\u00fctzen. Unsere Sicherheitsma\u00dfnahmen werden entsprechend des technischen Fortschritts fortlaufend verbessert.<\/p>\n<p><em>SSL-Verschl\u00fcsselung (https):<\/em><br \/>\nUm Ihre via unser Online-Angebot \u00fcbermittelten Daten zu sch\u00fctzen, nutzen wir eine SSL-Verschl\u00fcsselung. Sie erkennen derart verschl\u00fcsselte Verbindungen an dem Pr\u00e4fix https:\/\/ in der Adresszeile Ihres Browsers.<\/p>\n<h3>Ihre Rechte<\/h3>\n<p>Ihnen stehen grunds\u00e4tzlich die Rechte auf Auskunft, Berichtigung, L\u00f6schung, Einschr\u00e4nkung, Daten\u00fcbertragbarkeit, Widerruf und Widerspruch zu. Wenn Sie glauben, dass die Verarbeitung Ihrer Daten gegen das Datenschutzrecht verst\u00f6\u00dft oder Ihre datenschutzrechtlichen Anspr\u00fcche sonst in einer Weise verletzt worden sind, k\u00f6nnen Sie sich bei der Aufsichtsbeh\u00f6rde beschweren. In \u00d6sterreich ist dies die Datenschutzbeh\u00f6rde,\u00a0Wickenburggasse 8-10, 1080 Wien, E-Mail: dsb@dsb.gv.at<\/p>\n<h3>\u00c4nderungen der Datenschutzerkl\u00e4rung<\/h3>\n<p>Der Anbieter beh\u00e4lt sich vor, die Datenschutzerkl\u00e4rung zu \u00e4ndern, um sie an ge\u00e4nderte Rechtslage oder bei \u00c4nderungen des Dienstes sowie der Datenverarbeitung anzupassen.<\/p>\n<\/div><div class=\"fusion-clearfix\"><\/div><\/div><\/div><\/div><\/div>\n","protected":false},"excerpt":{"rendered":"","protected":false},"author":2,"featured_media":0,"parent":0,"menu_order":0,"comment_status":"closed","ping_status":"closed","template":"","meta":{"footnotes":""},"class_list":["post-2122","page","type-page","status-publish","hentry"],"_links":{"self":[{"href":"https:\/\/www.brettl.at\/blog\/wp-json\/wp\/v2\/pages\/2122","targetHints":{"allow":["GET"]}}],"collection":[{"href":"https:\/\/www.brettl.at\/blog\/wp-json\/wp\/v2\/pages"}],"about":[{"href":"https:\/\/www.brettl.at\/blog\/wp-json\/wp\/v2\/types\/page"}],"author":[{"embeddable":true,"href":"https:\/\/www.brettl.at\/blog\/wp-json\/wp\/v2\/users\/2"}],"replies":[{"embeddable":true,"href":"https:\/\/www.brettl.at\/blog\/wp-json\/wp\/v2\/comments?post=2122"}],"version-history":[{"count":12,"href":"https:\/\/www.brettl.at\/blog\/wp-json\/wp\/v2\/pages\/2122\/revisions"}],"predecessor-version":[{"id":4247,"href":"https:\/\/www.brettl.at\/blog\/wp-json\/wp\/v2\/pages\/2122\/revisions\/4247"}],"wp:attachment":[{"href":"https:\/\/www.brettl.at\/blog\/wp-json\/wp\/v2\/media?parent=2122"}],"curies":[{"name":"wp","href":"https:\/\/api.w.org\/{rel}","templated":true}]}}