{"id":60,"date":"2015-02-11T17:35:56","date_gmt":"2015-02-11T17:35:56","guid":{"rendered":"http:\/\/www.brettl.at\/blog\/?page_id=60"},"modified":"2018-08-01T16:27:07","modified_gmt":"2018-08-01T14:27:07","slug":"impressum","status":"publish","type":"page","link":"https:\/\/www.brettl.at\/blog\/impressum\/","title":{"rendered":"Impressum"},"content":{"rendered":"<div class=\"fusion-fullwidth fullwidth-box fusion-builder-row-1 nonhundred-percent-fullwidth non-hundred-percent-height-scrolling\" style=\"--awb-background-position:left top;--awb-border-radius-top-left:0px;--awb-border-radius-top-right:0px;--awb-border-radius-bottom-right:0px;--awb-border-radius-bottom-left:0px;--awb-padding-top:20px;--awb-padding-right:0px;--awb-padding-bottom:20px;--awb-padding-left:0px;--awb-border-sizes-top:0px;--awb-border-sizes-bottom:0px;--awb-flex-wrap:wrap;\" ><div class=\"fusion-builder-row fusion-row\"><div class=\"fusion-layout-column fusion_builder_column fusion-builder-column-0 fusion_builder_column_1_1 1_1 fusion-one-full fusion-column-first fusion-column-last fusion-column-no-min-height\" style=\"--awb-bg-size:cover;--awb-margin-bottom:0px;\"><div class=\"fusion-column-wrapper fusion-flex-column-wrapper-legacy\"><div class=\"fusion-text fusion-text-1\"><h2>Medieninhaber, Herausgeber und f\u00fcr den Inhalt verantwortlich:<\/h2>\n<p><strong>Dr. Herbert Brettl<\/strong><br \/>\nBaron Waldbottsiedlung 4<br \/>\nA-7131 Halbturn<br \/>\nT: +43 699 10 34 32 26<br \/>\nE: <a href=\"mailto:herbert@brettl.at\">herbert@brettl.at<\/a><\/p>\n<h2>Webdesign:<\/h2>\n<p><strong>Ullram Werbegrafik &#8211; Webdesign<\/strong><br \/>\n<a title=\"Ullram Werbegrafik - Webdesign\" href=\"http:\/\/www.ullram.com\" target=\"_blank\" rel=\"noopener\">www.ullram.com<\/a><\/p>\n<div class=\"fusion-sep-clear\"><\/div><div class=\"fusion-separator fusion-full-width-sep\" style=\"margin-left: auto;margin-right: auto;margin-top:20px;margin-bottom:20px;width:100%;\"><div class=\"fusion-separator-border sep-single sep-dashed\" style=\"--awb-height:20px;--awb-amount:20px;--awb-sep-color:#ab8b65;border-color:#ab8b65;border-top-width:2px;\"><\/div><\/div><div class=\"fusion-sep-clear\"><\/div>\n<div class=\"post-content\">\n<p><strong>Urheberrecht:<\/strong><br \/>\nAlle Bilddateien und Texte unterliegen dem Urheberrecht und anderen Gesetzen zum Schutz geistigen Eigentums. Sie d\u00fcrfen weder kopiert, ver\u00e4ndert, weitergegeben und verwendet werden. Die Verwendung durch Dritte wird ausdr\u00fccklich untersagt.<\/p>\n<p><strong>Nutzungsbedingungen:<\/strong><br \/>\nDie Inhalte\/Texte dieser Website sind frei nutzbar und dienen ausschlie\u00dflich der Information. Die Informationen sind nur f\u00fcr die pers\u00f6nliche Verwendung bestimmt. Jede weitergehende Nutzung insbesondere die Speicherung in Datenbanken, Vervielf\u00e4ltigung und jede Form von gewerblicher Nutzung sowie die Weitergabe an Dritte \u2013 auch in Teilen oder in \u00fcberarbeiteter Form \u2013 ohne Zustimmung des Website-Inhabers ist untersagt.<\/p>\n<p>Es kommen durch die Nutzung der Auswahlm\u00f6glichkeiten der Website keinerlei Rechtsgesch\u00e4fte zwischen dem Eigent\u00fcmer und den Nutzern zu Stande. Die weitere Vorgangsweise zwischen Anbieter und Nutzern und der m\u00f6gliche sp\u00e4tere Abschluss von Auftr\u00e4gen zwischen Anbieter und Nutzern liegen im ausschlie\u00dflichen Ermessen der Nutzer.<\/p>\n<p>Hyperlinks auf diese Homepage sind willkommen. Jede Einbindung einzelner Seiten unseres Angebotes in fremde Frames ist zu unterlassen.<\/p>\n<p>Der Nutzung von im Rahmen der Impressumspflicht ver\u00f6ffentlichten Kontaktdaten durch Dritte zur \u00dcbersendung von nicht ausdr\u00fccklich angeforderter Werbung und Informationsmaterialien wird hiermit ausdr\u00fccklich widersprochen. Die Betreiber der Seiten behalten sich ausdr\u00fccklich rechtliche Schritte im Falle der unverlangten Zusendung von Werbeinformationen, etwa durch Spam-Mails, vor.<\/p>\n<p><strong>Haftungsausschluss:<\/strong><br \/>\nDie Inhalte dieser Seiten wurden mit gr\u00f6\u00dfter Sorgfalt erstellt. F\u00fcr die Richtigkeit, Vollst\u00e4ndigkeit und Aktualit\u00e4t der Inhalte k\u00f6nnen wir jedoch keine Gew\u00e4hr \u00fcbernehmen. Auch stellen die zur Verf\u00fcgung gestellten Informationen und Angaben keine Zusicherung oder Garantie, ausdr\u00fccklich oder stillschweigend, dar.<\/p>\n<p>Es wird auch keine Gew\u00e4hr f\u00fcr die Verf\u00fcgbarkeit oder den Betrieb der gegenst\u00e4ndlichen Homepage und ihrer Inhalte \u00fcbernommen.<\/p>\n<p>Jede Haftung f\u00fcr unmittelbare, mittelbare oder sonstige Sch\u00e4den, unabh\u00e4ngig von deren Ursachen, die aus der Benutzung oder Nichtverf\u00fcgbarkeit der Daten und Informationen dieser Homepage erwachsen, wird, soweit rechtlich zul\u00e4ssig, ausgeschlossen.<\/p>\n<p><strong>Haftung f\u00fcr Links:<\/strong><br \/>\nDiese Website enth\u00e4lt Links zu externen Webseiten Dritter, auf deren Inhalte wir keinen Einfluss haben. Deshalb k\u00f6nnen wir f\u00fcr diese fremden Inhalte auch keine Gew\u00e4hr \u00fcbernehmen. F\u00fcr die Inhalte der verlinkten Seiten ist stets der jeweilige Anbieter oder Betreiber der Seiten verantwortlich. Die verlinkten Seiten wurden zum Zeitpunkt der Verlinkung auf m\u00f6gliche Rechtsverst\u00f6\u00dfe \u00fcberpr\u00fcft. Rechtswidrige Inhalte waren zum Zeitpunkt der Verlinkung nicht erkennbar. Eine permanente inhaltliche Kontrolle der verlinkten Seiten ist jedoch ohne konkrete Anhaltspunkte einer Rechtsverletzung nicht zumutbar. Bei bekannt werden von Rechtsverletzungen werden wir derartige Links umgehend entfernen.<\/p>\n<\/div>\n<\/div><div class=\"fusion-clearfix\"><\/div><\/div><\/div><\/div><\/div>\n","protected":false},"excerpt":{"rendered":"","protected":false},"author":2,"featured_media":0,"parent":0,"menu_order":0,"comment_status":"closed","ping_status":"closed","template":"","meta":{"footnotes":""},"class_list":["post-60","page","type-page","status-publish","hentry"],"_links":{"self":[{"href":"https:\/\/www.brettl.at\/blog\/wp-json\/wp\/v2\/pages\/60","targetHints":{"allow":["GET"]}}],"collection":[{"href":"https:\/\/www.brettl.at\/blog\/wp-json\/wp\/v2\/pages"}],"about":[{"href":"https:\/\/www.brettl.at\/blog\/wp-json\/wp\/v2\/types\/page"}],"author":[{"embeddable":true,"href":"https:\/\/www.brettl.at\/blog\/wp-json\/wp\/v2\/users\/2"}],"replies":[{"embeddable":true,"href":"https:\/\/www.brettl.at\/blog\/wp-json\/wp\/v2\/comments?post=60"}],"version-history":[{"count":8,"href":"https:\/\/www.brettl.at\/blog\/wp-json\/wp\/v2\/pages\/60\/revisions"}],"predecessor-version":[{"id":2120,"href":"https:\/\/www.brettl.at\/blog\/wp-json\/wp\/v2\/pages\/60\/revisions\/2120"}],"wp:attachment":[{"href":"https:\/\/www.brettl.at\/blog\/wp-json\/wp\/v2\/media?parent=60"}],"curies":[{"name":"wp","href":"https:\/\/api.w.org\/{rel}","templated":true}]}}